{"id":9001,"date":"2023-09-07T08:36:13","date_gmt":"2023-09-07T08:36:13","guid":{"rendered":"https:\/\/rheinklassik.ch\/?page_id=9001"},"modified":"2026-03-08T08:38:13","modified_gmt":"2026-03-08T08:38:13","slug":"donate","status":"publish","type":"page","link":"https:\/\/rheinklassik.ch\/de\/donate\/","title":{"rendered":"Support RK"},"content":{"rendered":"<div data-elementor-type=\"wp-page\" data-elementor-id=\"9001\" class=\"elementor elementor-9001\" data-elementor-post-type=\"page\">\n\t\t\t\t<div class=\"elementor-element elementor-element-54bc67f6 e-flex e-con-boxed e-con e-parent\" data-id=\"54bc67f6\" data-element_type=\"container\" data-e-type=\"container\" data-settings=\"{&quot;background_background&quot;:&quot;classic&quot;}\">\n\t\t\t\t\t<div class=\"e-con-inner\">\n\t\t<div class=\"elementor-element elementor-element-49cd5702 e-flex e-con-boxed e-con e-child\" data-id=\"49cd5702\" data-element_type=\"container\" data-e-type=\"container\">\n\t\t\t\t\t<div class=\"e-con-inner\">\n\t\t\t\t<div class=\"elementor-element elementor-element-7c49f15f elementor-widget__width-initial elementor-widget-mobile__width-initial elementor-widget elementor-widget-image\" data-id=\"7c49f15f\" data-element_type=\"widget\" data-e-type=\"widget\" data-widget_type=\"image.default\">\n\t\t\t\t<div class=\"elementor-widget-container\">\n\t\t\t\t\t\t\t\t\t\t\t\t\t\t\t\t<a href=\"https:\/\/rheinklassik.ch\/de\/\">\n\t\t\t\t\t\t\t<img fetchpriority=\"high\" decoding=\"async\" width=\"2244\" height=\"1354\" src=\"https:\/\/rheinklassik.ch\/wp-content\/uploads\/2023\/08\/dark-Blue-gold.png\" class=\"attachment-full size-full wp-image-9334\" alt=\"\" srcset=\"https:\/\/rheinklassik.ch\/wp-content\/uploads\/2023\/08\/dark-Blue-gold.png 2244w, https:\/\/rheinklassik.ch\/wp-content\/uploads\/2023\/08\/dark-Blue-gold-300x181.png 300w, https:\/\/rheinklassik.ch\/wp-content\/uploads\/2023\/08\/dark-Blue-gold-1024x618.png 1024w, https:\/\/rheinklassik.ch\/wp-content\/uploads\/2023\/08\/dark-Blue-gold-768x463.png 768w, https:\/\/rheinklassik.ch\/wp-content\/uploads\/2023\/08\/dark-Blue-gold-1536x927.png 1536w, https:\/\/rheinklassik.ch\/wp-content\/uploads\/2023\/08\/dark-Blue-gold-2048x1236.png 2048w, https:\/\/rheinklassik.ch\/wp-content\/uploads\/2023\/08\/dark-Blue-gold-18x12.png 18w\" sizes=\"(max-width: 2244px) 100vw, 2244px\" \/>\t\t\t\t\t\t\t\t<\/a>\n\t\t\t\t\t\t\t\t\t\t\t\t\t\t\t<\/div>\n\t\t\t\t<\/div>\n\t\t\t\t<div class=\"elementor-element elementor-element-3bb1ae7b elementor-nav-menu__align-end elementor-nav-menu--stretch elementor-nav-menu--dropdown-tablet elementor-nav-menu__text-align-aside elementor-nav-menu--toggle elementor-nav-menu--burger elementor-widget elementor-widget-nav-menu\" data-id=\"3bb1ae7b\" data-element_type=\"widget\" data-e-type=\"widget\" data-settings=\"{&quot;full_width&quot;:&quot;stretch&quot;,&quot;layout&quot;:&quot;horizontal&quot;,&quot;submenu_icon&quot;:{&quot;value&quot;:&quot;&lt;i class=\\&quot;fas fa-caret-down\\&quot; aria-hidden=\\&quot;true\\&quot;&gt;&lt;\\\/i&gt;&quot;,&quot;library&quot;:&quot;fa-solid&quot;},&quot;toggle&quot;:&quot;burger&quot;}\" data-widget_type=\"nav-menu.default\">\n\t\t\t\t<div class=\"elementor-widget-container\">\n\t\t\t\t\t\t\t\t<nav aria-label=\"Menu\" class=\"elementor-nav-menu--main elementor-nav-menu__container elementor-nav-menu--layout-horizontal e--pointer-none\">\n\t\t\t\t<ul id=\"menu-1-3bb1ae7b\" class=\"elementor-nav-menu\"><li class=\"menu-item menu-item-type-post_type menu-item-object-page menu-item-10287\"><a href=\"https:\/\/rheinklassik.ch\/de\/concerts\/\" class=\"elementor-item\">Konzerte<\/a><\/li>\n<li class=\"menu-item menu-item-type-post_type menu-item-object-page menu-item-9119\"><a href=\"https:\/\/rheinklassik.ch\/de\/about\/\" class=\"elementor-item\">About<\/a><\/li>\n<li class=\"font-weight-bold menu-item menu-item-type-post_type menu-item-object-page menu-item-6638\"><a href=\"https:\/\/rheinklassik.ch\/de\/contact\/\" class=\"elementor-item\">Kontakt<\/a><\/li>\n<li class=\"menu-item menu-item-type-post_type menu-item-object-page menu-item-has-children menu-item-10456\"><a href=\"https:\/\/rheinklassik.ch\/de\/donate\/\" class=\"elementor-item\">Support RK<\/a>\n<ul class=\"sub-menu elementor-nav-menu--dropdown\">\n\t<li class=\"menu-item menu-item-type-post_type menu-item-object-page menu-item-10497\"><a href=\"https:\/\/rheinklassik.ch\/de\/goenner\/\" class=\"elementor-sub-item\">G\u00f6nner<\/a><\/li>\n\t<li class=\"menu-item menu-item-type-post_type menu-item-object-page menu-item-10498\"><a href=\"https:\/\/rheinklassik.ch\/de\/donate\/\" class=\"elementor-sub-item\">Support RK<\/a><\/li>\n<\/ul>\n<\/li>\n<li class=\"trp-language-switcher-containerfont-weight-bold trp-language-switcher-container menu-item menu-item-type-post_type menu-item-object-language_switcher current-language-menu-item menu-item-6926\"><a href=\"https:\/\/rheinklassik.ch\/de\/wp-json\/wp\/v2\/pages\/9001\" class=\"elementor-item elementor-item-anchor\"><span data-no-translation><span class=\"trp-ls-language-name\">EN<\/span><\/span><\/a><\/li>\n<\/ul>\t\t\t<\/nav>\n\t\t\t\t\t<div class=\"elementor-menu-toggle\" role=\"button\" tabindex=\"0\" aria-label=\"Menu Toggle\" aria-expanded=\"false\">\n\t\t\t<i aria-hidden=\"true\" role=\"presentation\" class=\"elementor-menu-toggle__icon--open eicon-menu-bar\"><\/i><i aria-hidden=\"true\" role=\"presentation\" class=\"elementor-menu-toggle__icon--close eicon-close\"><\/i>\t\t<\/div>\n\t\t\t\t\t<nav class=\"elementor-nav-menu--dropdown elementor-nav-menu__container\" aria-hidden=\"true\">\n\t\t\t\t<ul id=\"menu-2-3bb1ae7b\" class=\"elementor-nav-menu\"><li class=\"menu-item menu-item-type-post_type menu-item-object-page menu-item-10287\"><a href=\"https:\/\/rheinklassik.ch\/de\/concerts\/\" class=\"elementor-item\" tabindex=\"-1\">Konzerte<\/a><\/li>\n<li class=\"menu-item menu-item-type-post_type menu-item-object-page menu-item-9119\"><a href=\"https:\/\/rheinklassik.ch\/de\/about\/\" class=\"elementor-item\" tabindex=\"-1\">About<\/a><\/li>\n<li class=\"font-weight-bold menu-item menu-item-type-post_type menu-item-object-page menu-item-6638\"><a href=\"https:\/\/rheinklassik.ch\/de\/contact\/\" class=\"elementor-item\" tabindex=\"-1\">Kontakt<\/a><\/li>\n<li class=\"menu-item menu-item-type-post_type menu-item-object-page menu-item-has-children menu-item-10456\"><a href=\"https:\/\/rheinklassik.ch\/de\/donate\/\" class=\"elementor-item\" tabindex=\"-1\">Support RK<\/a>\n<ul class=\"sub-menu elementor-nav-menu--dropdown\">\n\t<li class=\"menu-item menu-item-type-post_type menu-item-object-page menu-item-10497\"><a href=\"https:\/\/rheinklassik.ch\/de\/goenner\/\" class=\"elementor-sub-item\" tabindex=\"-1\">G\u00f6nner<\/a><\/li>\n\t<li class=\"menu-item menu-item-type-post_type menu-item-object-page menu-item-10498\"><a href=\"https:\/\/rheinklassik.ch\/de\/donate\/\" class=\"elementor-sub-item\" tabindex=\"-1\">Support RK<\/a><\/li>\n<\/ul>\n<\/li>\n<li class=\"trp-language-switcher-containerfont-weight-bold trp-language-switcher-container menu-item menu-item-type-post_type menu-item-object-language_switcher current-language-menu-item menu-item-6926\"><a href=\"https:\/\/rheinklassik.ch\/de\/wp-json\/wp\/v2\/pages\/9001\" class=\"elementor-item elementor-item-anchor\" tabindex=\"-1\"><span data-no-translation><span class=\"trp-ls-language-name\">EN<\/span><\/span><\/a><\/li>\n<\/ul>\t\t\t<\/nav>\n\t\t\t\t\t\t<\/div>\n\t\t\t\t<\/div>\n\t\t\t\t\t<\/div>\n\t\t\t\t<\/div>\n\t\t<div class=\"elementor-element elementor-element-15f7890 e-flex e-con-boxed e-con e-child\" data-id=\"15f7890\" data-element_type=\"container\" data-e-type=\"container\">\n\t\t\t\t\t<div class=\"e-con-inner\">\n\t\t\t\t<div class=\"elementor-element elementor-element-126039d7 elementor-widget__width-initial elementor-widget-mobile__width-initial elementor-widget elementor-widget-heading\" data-id=\"126039d7\" data-element_type=\"widget\" data-e-type=\"widget\" data-widget_type=\"heading.default\">\n\t\t\t\t<div class=\"elementor-widget-container\">\n\t\t\t\t\t<h2 class=\"elementor-heading-title elementor-size-default\">Donate to Rhein Klassik<\/h2>\t\t\t\t<\/div>\n\t\t\t\t<\/div>\n\t\t<div class=\"elementor-element elementor-element-6d508307 e-con-full e-flex e-con e-child\" data-id=\"6d508307\" data-element_type=\"container\" data-e-type=\"container\">\n\t\t\t\t<div class=\"elementor-element elementor-element-5507589d elementor-widget elementor-widget-heading\" data-id=\"5507589d\" data-element_type=\"widget\" data-e-type=\"widget\" data-widget_type=\"heading.default\">\n\t\t\t\t<div class=\"elementor-widget-container\">\n\t\t\t\t\t<h2 class=\"elementor-heading-title elementor-size-default\">Hilf uns, die Initiative am Leben zu erhalten!<\/h2>\t\t\t\t<\/div>\n\t\t\t\t<\/div>\n\t\t\t\t<div class=\"elementor-element elementor-element-5a7b852d elementor-widget elementor-widget-heading\" data-id=\"5a7b852d\" data-element_type=\"widget\" data-e-type=\"widget\" data-widget_type=\"heading.default\">\n\t\t\t\t<div class=\"elementor-widget-container\">\n\t\t\t\t\t<h2 class=\"elementor-heading-title elementor-size-default\">Rhein Klassik lebt von der Unterst\u00fctzung durch Stiftungen und der gro\u00dfz\u00fcgigen Hilfe einzelner Menschen.\nBitte hilf uns, diese Initiative am Leben zu erhalten. <\/h2>\t\t\t\t<\/div>\n\t\t\t\t<\/div>\n\t\t\t\t<\/div>\n\t\t\t\t\t<\/div>\n\t\t\t\t<\/div>\n\t\t\t\t<div class=\"elementor-element elementor-element-da997ce elementor-widget-divider--view-line elementor-widget elementor-widget-divider\" data-id=\"da997ce\" data-element_type=\"widget\" data-e-type=\"widget\" data-widget_type=\"divider.default\">\n\t\t\t\t<div class=\"elementor-widget-container\">\n\t\t\t\t\t\t\t<div class=\"elementor-divider\">\n\t\t\t<span class=\"elementor-divider-separator\">\n\t\t\t\t\t\t<\/span>\n\t\t<\/div>\n\t\t\t\t\t\t<\/div>\n\t\t\t\t<\/div>\n\t\t<div class=\"elementor-element elementor-element-ca0b1fa e-con-full e-flex e-con e-child\" data-id=\"ca0b1fa\" data-element_type=\"container\" data-e-type=\"container\">\n\t\t<div class=\"elementor-element elementor-element-0e8d2c9 e-con-full e-flex e-con e-child\" data-id=\"0e8d2c9\" data-element_type=\"container\" data-e-type=\"container\">\n\t\t\t\t<div class=\"elementor-element elementor-element-e934651 elementor-widget elementor-widget-heading\" data-id=\"e934651\" data-element_type=\"widget\" data-e-type=\"widget\" data-widget_type=\"heading.default\">\n\t\t\t\t<div class=\"elementor-widget-container\">\n\t\t\t\t\t<h2 class=\"elementor-heading-title elementor-size-default\">Bank \u00dcberweisung<\/h2>\t\t\t\t<\/div>\n\t\t\t\t<\/div>\n\t\t\t\t<div class=\"elementor-element elementor-element-585c509 elementor-widget elementor-widget-text-editor\" data-id=\"585c509\" data-element_type=\"widget\" data-e-type=\"widget\" data-widget_type=\"text-editor.default\">\n\t\t\t\t<div class=\"elementor-widget-container\">\n\t\t\t\t\t\t\t\t\t<p><strong>Basellandschaftliche Kantonalbank:<br \/><\/strong><\/p><h4><strong>IBAN: CH61 0076 9435 8116 6200 1<\/strong><\/h4>\t\t\t\t\t\t\t\t<\/div>\n\t\t\t\t<\/div>\n\t\t\t\t<div class=\"elementor-element elementor-element-cd67e68 elementor-widget elementor-widget-spacer\" data-id=\"cd67e68\" data-element_type=\"widget\" data-e-type=\"widget\" data-widget_type=\"spacer.default\">\n\t\t\t\t<div class=\"elementor-widget-container\">\n\t\t\t\t\t\t\t<div class=\"elementor-spacer\">\n\t\t\t<div class=\"elementor-spacer-inner\"><\/div>\n\t\t<\/div>\n\t\t\t\t\t\t<\/div>\n\t\t\t\t<\/div>\n\t\t\t\t<\/div>\n\t\t\t\t<\/div>\n\t\t\t\t<div class=\"elementor-element elementor-element-822fa25 elementor-widget elementor-widget-heading\" data-id=\"822fa25\" data-element_type=\"widget\" data-e-type=\"widget\" data-widget_type=\"heading.default\">\n\t\t\t\t<div class=\"elementor-widget-container\">\n\t\t\t\t\t<h2 class=\"elementor-heading-title elementor-size-default\">PayPal<\/h2>\t\t\t\t<\/div>\n\t\t\t\t<\/div>\n\t\t\t\t<div class=\"elementor-element elementor-element-e14588f elementor-align-center elementor-widget elementor-widget-paypal-button\" data-id=\"e14588f\" data-element_type=\"widget\" data-e-type=\"widget\" data-settings=\"{&quot;merchant_account&quot;:&quot;simple&quot;}\" data-widget_type=\"paypal-button.default\">\n\t\t\t\t<div class=\"elementor-widget-container\">\n\t\t\t\t\t\t\t\t\t<div class=\"elementor-button-wrapper\">\n\t\t\t\t\t\t\t<form action=\"https:\/\/www.paypal.com\/cgi-bin\/webscr\" method=\"post\" target=\"_blank\">\n\t\t\t<input type=\"hidden\" name=\"cmd\" value=\"_donations\" \/>\n\t\t\t<input type=\"hidden\" name=\"business\" value=\"info@rheinklassik.ch\" \/>\n\t\t\t<input type=\"hidden\" name=\"lc\" value=\"US\" \/>\n\t\t\t<input type=\"hidden\" name=\"item_name\" value=\"Donate\" \/>\n\t\t\t<input type=\"hidden\" name=\"item_number\" value=\"\" \/>\n\t\t\t<input type=\"hidden\" name=\"currency_code\" value=\"CHF\" \/>\n\t\t\t<input type=\"hidden\" name=\"amount\" value=\"\" \/>\n\t\t\t<input type=\"hidden\" name=\"no_note\" value=\"1\">\n\n\t\t\t\t\t<button class=\"elementor-button elementor-size-sm elementor-paypal-legacy elementor-payment-button\" role=\"button\" id=\"DonateRK\" type=\"submit\">\n\t\t\t\t\t<span class=\"elementor-button-content-wrapper\">\n\t\t\t\t\t\t<span class=\"elementor-button-icon\">\n\t\t\t\t<i aria-hidden=\"true\" class=\"fab fa-paypal\"><\/i>\t\t\t<\/span>\n\t\t\t\t\t\t\t\t\t<span class=\"elementor-button-text\">Donate<\/span>\n\t\t\t\t\t<\/span>\n\t\t\t\t<\/button>\n\t\t\t\t<\/form>\n\t\t\t\t\t\t<\/div>\n\t\t\t\t\t\t\t\t<\/div>\n\t\t\t\t<\/div>\n\t\t\t\t<div class=\"elementor-element elementor-element-731fef9 elementor-widget elementor-widget-spacer\" data-id=\"731fef9\" data-element_type=\"widget\" data-e-type=\"widget\" data-widget_type=\"spacer.default\">\n\t\t\t\t<div class=\"elementor-widget-container\">\n\t\t\t\t\t\t\t<div class=\"elementor-spacer\">\n\t\t\t<div class=\"elementor-spacer-inner\"><\/div>\n\t\t<\/div>\n\t\t\t\t\t\t<\/div>\n\t\t\t\t<\/div>\n\t\t\t\t<div class=\"elementor-element elementor-element-b3070cc elementor-widget elementor-widget-heading\" data-id=\"b3070cc\" data-element_type=\"widget\" data-e-type=\"widget\" data-widget_type=\"heading.default\">\n\t\t\t\t<div class=\"elementor-widget-container\">\n\t\t\t\t\t<h2 class=\"elementor-heading-title elementor-size-default\">TWINT<\/h2>\t\t\t\t<\/div>\n\t\t\t\t<\/div>\n\t\t\t\t<div class=\"elementor-element elementor-element-0539c6c elementor-widget elementor-widget-shortcode\" data-id=\"0539c6c\" data-element_type=\"widget\" data-e-type=\"widget\" data-widget_type=\"shortcode.default\">\n\t\t\t\t<div class=\"elementor-widget-container\">\n\t\t\t\t\t\t\t<div class=\"elementor-shortcode\"><div id=\"rnw-paylink-button-sxqrb\"><\/div>\n<script type=\"module\">\n  import {TwintButton} from \"https:\/\/unpkg.com\/@raisenow\/paylink-button@2\/dist\/TwintButton.js\"\n  TwintButton.render(\"#rnw-paylink-button-sxqrb\", {\n    \"solution-id\": \"sxqrb\",\n    \"solution-type\": \"donate\",\n    \"language\": \"en\",\n    \"size\": \"large\",\n    \"width\": \"fixed\",\n    \"color-scheme\": \"dark\",\n  })\n<\/script><\/div>\n\t\t\t\t\t\t<\/div>\n\t\t\t\t<\/div>\n\t\t\t\t<div class=\"elementor-element elementor-element-2ba0faa elementor-hidden-desktop elementor-hidden-tablet elementor-hidden-mobile elementor-widget elementor-widget-image\" data-id=\"2ba0faa\" data-element_type=\"widget\" data-e-type=\"widget\" data-widget_type=\"image.default\">\n\t\t\t\t<div class=\"elementor-widget-container\">\n\t\t\t\t\t\t\t\t\t\t\t\t\t\t\t<img decoding=\"async\" src=\"https:\/\/rheinklassik.ch\/wp-content\/uploads\/elementor\/thumbs\/TWINT_Individueller-Betrag_DE-r7p2n7lwfkla8roghmcl7os7avm1ifdyef4ivk5fjc.png\" title=\"TWINT_Individueller-Betrag_DE\" alt=\"TWINT_Individueller-Betrag_DE\" loading=\"lazy\" \/>\t\t\t\t\t\t\t\t\t\t\t\t\t\t\t<\/div>\n\t\t\t\t<\/div>\n\t\t\t\t\t<\/div>\n\t\t\t\t<\/div>\n\t\t\t\t<\/div>","protected":false},"excerpt":{"rendered":"<p>Donate to Rhein Klassik Help us keep the initiative alive! Rhein Klassik exists from the support of foundations, and the kind generosity of kind individuals. Please help us keep this initiative alive. Bank Transfer Basellandschaftliche Kantonalbank: IBAN: CH61 0076 9435 8116 6200 1 PayPal Donate TWINT<\/p>","protected":false},"author":2,"featured_media":0,"parent":0,"menu_order":8,"comment_status":"closed","ping_status":"closed","template":"elementor_canvas","meta":{"_acf_changed":false,"footnotes":""},"class_list":["post-9001","page","type-page","status-publish","hentry"],"acf":[],"_links":{"self":[{"href":"https:\/\/rheinklassik.ch\/de\/wp-json\/wp\/v2\/pages\/9001","targetHints":{"allow":["GET"]}}],"collection":[{"href":"https:\/\/rheinklassik.ch\/de\/wp-json\/wp\/v2\/pages"}],"about":[{"href":"https:\/\/rheinklassik.ch\/de\/wp-json\/wp\/v2\/types\/page"}],"author":[{"embeddable":true,"href":"https:\/\/rheinklassik.ch\/de\/wp-json\/wp\/v2\/users\/2"}],"replies":[{"embeddable":true,"href":"https:\/\/rheinklassik.ch\/de\/wp-json\/wp\/v2\/comments?post=9001"}],"version-history":[{"count":26,"href":"https:\/\/rheinklassik.ch\/de\/wp-json\/wp\/v2\/pages\/9001\/revisions"}],"predecessor-version":[{"id":11001,"href":"https:\/\/rheinklassik.ch\/de\/wp-json\/wp\/v2\/pages\/9001\/revisions\/11001"}],"wp:attachment":[{"href":"https:\/\/rheinklassik.ch\/de\/wp-json\/wp\/v2\/media?parent=9001"}],"curies":[{"name":"wp","href":"https:\/\/api.w.org\/{rel}","templated":true}]}}