{"id":9106,"date":"2023-09-07T15:53:17","date_gmt":"2023-09-07T15:53:17","guid":{"rendered":"https:\/\/rheinklassik.ch\/?page_id=9106"},"modified":"2025-09-12T06:38:58","modified_gmt":"2025-09-12T06:38:58","slug":"about","status":"publish","type":"page","link":"https:\/\/rheinklassik.ch\/de\/about\/","title":{"rendered":"About"},"content":{"rendered":"<div data-elementor-type=\"wp-page\" data-elementor-id=\"9106\" class=\"elementor elementor-9106\" data-elementor-post-type=\"page\">\n\t\t\t\t<div class=\"elementor-element elementor-element-32423b34 e-flex e-con-boxed e-con e-parent\" data-id=\"32423b34\" data-element_type=\"container\" data-e-type=\"container\" data-settings=\"{&quot;background_background&quot;:&quot;classic&quot;}\">\n\t\t\t\t\t<div class=\"e-con-inner\">\n\t\t<div class=\"elementor-element elementor-element-2bf2c0f0 elementor-hidden-desktop elementor-hidden-tablet elementor-hidden-mobile e-flex e-con-boxed e-con e-child\" data-id=\"2bf2c0f0\" data-element_type=\"container\" data-e-type=\"container\">\n\t\t\t\t\t<div class=\"e-con-inner\">\n\t\t\t\t<div class=\"elementor-element elementor-element-3106bfbf elementor-widget__width-initial elementor-widget-mobile__width-initial elementor-widget elementor-widget-image\" data-id=\"3106bfbf\" data-element_type=\"widget\" data-e-type=\"widget\" data-widget_type=\"image.default\">\n\t\t\t\t<div class=\"elementor-widget-container\">\n\t\t\t\t\t\t\t\t\t\t\t\t\t\t\t\t<a href=\"https:\/\/rheinklassik.ch\/de\/\">\n\t\t\t\t\t\t\t<img fetchpriority=\"high\" decoding=\"async\" width=\"2244\" height=\"1354\" src=\"https:\/\/rheinklassik.ch\/wp-content\/uploads\/2023\/08\/Gold.png\" class=\"attachment-full size-full wp-image-7693\" alt=\"\" srcset=\"https:\/\/rheinklassik.ch\/wp-content\/uploads\/2023\/08\/Gold.png 2244w, https:\/\/rheinklassik.ch\/wp-content\/uploads\/2023\/08\/Gold-300x181.png 300w, https:\/\/rheinklassik.ch\/wp-content\/uploads\/2023\/08\/Gold-1024x618.png 1024w, https:\/\/rheinklassik.ch\/wp-content\/uploads\/2023\/08\/Gold-768x463.png 768w, https:\/\/rheinklassik.ch\/wp-content\/uploads\/2023\/08\/Gold-1536x927.png 1536w, https:\/\/rheinklassik.ch\/wp-content\/uploads\/2023\/08\/Gold-2048x1236.png 2048w, https:\/\/rheinklassik.ch\/wp-content\/uploads\/2023\/08\/Gold-18x12.png 18w\" sizes=\"(max-width: 2244px) 100vw, 2244px\" \/>\t\t\t\t\t\t\t\t<\/a>\n\t\t\t\t\t\t\t\t\t\t\t\t\t\t\t<\/div>\n\t\t\t\t<\/div>\n\t\t\t\t<div class=\"elementor-element elementor-element-50c378e8 elementor-nav-menu__align-end elementor-nav-menu--stretch elementor-nav-menu--dropdown-tablet elementor-nav-menu__text-align-aside elementor-nav-menu--toggle elementor-nav-menu--burger elementor-widget elementor-widget-nav-menu\" data-id=\"50c378e8\" data-element_type=\"widget\" data-e-type=\"widget\" data-settings=\"{&quot;full_width&quot;:&quot;stretch&quot;,&quot;layout&quot;:&quot;horizontal&quot;,&quot;submenu_icon&quot;:{&quot;value&quot;:&quot;&lt;i class=\\&quot;fas fa-caret-down\\&quot; aria-hidden=\\&quot;true\\&quot;&gt;&lt;\\\/i&gt;&quot;,&quot;library&quot;:&quot;fa-solid&quot;},&quot;toggle&quot;:&quot;burger&quot;}\" data-widget_type=\"nav-menu.default\">\n\t\t\t\t<div class=\"elementor-widget-container\">\n\t\t\t\t\t\t\t\t<nav aria-label=\"Menu\" class=\"elementor-nav-menu--main elementor-nav-menu__container elementor-nav-menu--layout-horizontal e--pointer-none\">\n\t\t\t\t<ul id=\"menu-1-50c378e8\" class=\"elementor-nav-menu\"><li class=\"menu-item menu-item-type-post_type menu-item-object-page menu-item-10287\"><a href=\"https:\/\/rheinklassik.ch\/de\/concerts\/\" class=\"elementor-item\">Konzerte<\/a><\/li>\n<li class=\"menu-item menu-item-type-post_type menu-item-object-page menu-item-9119\"><a href=\"https:\/\/rheinklassik.ch\/de\/about\/\" class=\"elementor-item\">About<\/a><\/li>\n<li class=\"font-weight-bold menu-item menu-item-type-post_type menu-item-object-page menu-item-6638\"><a href=\"https:\/\/rheinklassik.ch\/de\/contact\/\" class=\"elementor-item\">Kontakt<\/a><\/li>\n<li class=\"menu-item menu-item-type-post_type menu-item-object-page menu-item-has-children menu-item-10456\"><a href=\"https:\/\/rheinklassik.ch\/de\/donate\/\" class=\"elementor-item\">Support RK<\/a>\n<ul class=\"sub-menu elementor-nav-menu--dropdown\">\n\t<li class=\"menu-item menu-item-type-post_type menu-item-object-page menu-item-10497\"><a href=\"https:\/\/rheinklassik.ch\/de\/goenner\/\" class=\"elementor-sub-item\">G\u00f6nner<\/a><\/li>\n\t<li class=\"menu-item menu-item-type-post_type menu-item-object-page menu-item-10498\"><a href=\"https:\/\/rheinklassik.ch\/de\/donate\/\" class=\"elementor-sub-item\">Support RK<\/a><\/li>\n<\/ul>\n<\/li>\n<li class=\"trp-language-switcher-containerfont-weight-bold trp-language-switcher-container menu-item menu-item-type-post_type menu-item-object-language_switcher current-language-menu-item menu-item-6926\"><a href=\"https:\/\/rheinklassik.ch\/de\/wp-json\/wp\/v2\/pages\/9106\" class=\"elementor-item elementor-item-anchor\"><span data-no-translation><span class=\"trp-ls-language-name\">EN<\/span><\/span><\/a><\/li>\n<\/ul>\t\t\t<\/nav>\n\t\t\t\t\t<div class=\"elementor-menu-toggle\" role=\"button\" tabindex=\"0\" aria-label=\"Menu Toggle\" aria-expanded=\"false\">\n\t\t\t<i aria-hidden=\"true\" role=\"presentation\" class=\"elementor-menu-toggle__icon--open eicon-menu-bar\"><\/i><i aria-hidden=\"true\" role=\"presentation\" class=\"elementor-menu-toggle__icon--close eicon-close\"><\/i>\t\t<\/div>\n\t\t\t\t\t<nav class=\"elementor-nav-menu--dropdown elementor-nav-menu__container\" aria-hidden=\"true\">\n\t\t\t\t<ul id=\"menu-2-50c378e8\" class=\"elementor-nav-menu\"><li class=\"menu-item menu-item-type-post_type menu-item-object-page menu-item-10287\"><a href=\"https:\/\/rheinklassik.ch\/de\/concerts\/\" class=\"elementor-item\" tabindex=\"-1\">Konzerte<\/a><\/li>\n<li class=\"menu-item menu-item-type-post_type menu-item-object-page menu-item-9119\"><a href=\"https:\/\/rheinklassik.ch\/de\/about\/\" class=\"elementor-item\" tabindex=\"-1\">About<\/a><\/li>\n<li class=\"font-weight-bold menu-item menu-item-type-post_type menu-item-object-page menu-item-6638\"><a href=\"https:\/\/rheinklassik.ch\/de\/contact\/\" class=\"elementor-item\" tabindex=\"-1\">Kontakt<\/a><\/li>\n<li class=\"menu-item menu-item-type-post_type menu-item-object-page menu-item-has-children menu-item-10456\"><a href=\"https:\/\/rheinklassik.ch\/de\/donate\/\" class=\"elementor-item\" tabindex=\"-1\">Support RK<\/a>\n<ul class=\"sub-menu elementor-nav-menu--dropdown\">\n\t<li class=\"menu-item menu-item-type-post_type menu-item-object-page menu-item-10497\"><a href=\"https:\/\/rheinklassik.ch\/de\/goenner\/\" class=\"elementor-sub-item\" tabindex=\"-1\">G\u00f6nner<\/a><\/li>\n\t<li class=\"menu-item menu-item-type-post_type menu-item-object-page menu-item-10498\"><a href=\"https:\/\/rheinklassik.ch\/de\/donate\/\" class=\"elementor-sub-item\" tabindex=\"-1\">Support RK<\/a><\/li>\n<\/ul>\n<\/li>\n<li class=\"trp-language-switcher-containerfont-weight-bold trp-language-switcher-container menu-item menu-item-type-post_type menu-item-object-language_switcher current-language-menu-item menu-item-6926\"><a href=\"https:\/\/rheinklassik.ch\/de\/wp-json\/wp\/v2\/pages\/9106\" class=\"elementor-item elementor-item-anchor\" tabindex=\"-1\"><span data-no-translation><span class=\"trp-ls-language-name\">EN<\/span><\/span><\/a><\/li>\n<\/ul>\t\t\t<\/nav>\n\t\t\t\t\t\t<\/div>\n\t\t\t\t<\/div>\n\t\t\t\t\t<\/div>\n\t\t\t\t<\/div>\n\t\t<div class=\"elementor-element elementor-element-46f7d10f e-flex e-con-boxed e-con e-child\" data-id=\"46f7d10f\" data-element_type=\"container\" data-e-type=\"container\">\n\t\t\t\t\t<div class=\"e-con-inner\">\n\t\t\t\t<div class=\"elementor-element elementor-element-791d0e74 elementor-widget__width-initial elementor-widget elementor-widget-heading\" data-id=\"791d0e74\" data-element_type=\"widget\" data-e-type=\"widget\" data-widget_type=\"heading.default\">\n\t\t\t\t<div class=\"elementor-widget-container\">\n\t\t\t\t\t<h2 class=\"elementor-heading-title elementor-size-default\">Was ist Rhein Klassik?<\/h2>\t\t\t\t<\/div>\n\t\t\t\t<\/div>\n\t\t<div class=\"elementor-element elementor-element-11853975 e-flex e-con-boxed e-con e-child\" data-id=\"11853975\" data-element_type=\"container\" data-e-type=\"container\">\n\t\t\t\t\t<div class=\"e-con-inner\">\n\t\t\t\t<div class=\"elementor-element elementor-element-3c1b3f17 elementor-widget elementor-widget-heading\" data-id=\"3c1b3f17\" data-element_type=\"widget\" data-e-type=\"widget\" data-widget_type=\"heading.default\">\n\t\t\t\t<div class=\"elementor-widget-container\">\n\t\t\t\t\t<h2 class=\"elementor-heading-title elementor-size-default\">Rhein Klassik ist eine Kammermusikreihe, die w\u00e4hrend der COVID-19-Pandemie ins Leben gerufen wurde, um die musikalische Gemeinschaft zu feiern und zu unterst\u00fctzen. \n<br>\n<br>\nGegr\u00fcndet mit der Vision, aufstrebende Talente und etablierte Musiker\nzusammenzubringen, bietet Rhein Klassik K\u00fcnstler\neine Plattform, um zu wachsen und sich einen Namen zu machen. \n<br>\n<br>\nMit Sitz in Basel und den umliegenden Regionen veranstaltet die Reihe Konzerte mit vielf\u00e4ltigen musikalischen Stimmen und bietet gleichzeitig essenzielle M\u00f6glichkeiten f\u00fcr freischaffende Musiker und Studierende. \nAls gemeinn\u00fctzige Genossenschaft bleibt Rhein Klassik dem Ziel verpflichtet, eine nachhaltige Gemeinschaft zu f\u00f6rdern, in der Musik aufbl\u00fcht, und erm\u00f6glicht es neuen wie erfahrenen K\u00fcnstler, ihre Kunst mit der Welt zu teilen.\n<\/h2>\t\t\t\t<\/div>\n\t\t\t\t<\/div>\n\t\t\t\t\t<\/div>\n\t\t\t\t<\/div>\n\t\t\t\t\t<\/div>\n\t\t\t\t<\/div>\n\t\t\t\t<div class=\"elementor-element elementor-element-b17ff7c elementor-widget elementor-widget-image\" data-id=\"b17ff7c\" data-element_type=\"widget\" data-e-type=\"widget\" data-widget_type=\"image.default\">\n\t\t\t\t<div class=\"elementor-widget-container\">\n\t\t\t\t\t\t\t\t\t\t\t\t\t\t\t<img decoding=\"async\" src=\"https:\/\/rheinklassik.ch\/wp-content\/uploads\/elementor\/thumbs\/IMG_0566-scaled-r7p2n7lqcarnvhm33ngew58h6y5ier4trc5cc7yznk.jpeg\" title=\"IMG_0566\" alt=\"IMG_0566\" class=\"elementor-animation-hang\" loading=\"lazy\" \/>\t\t\t\t\t\t\t\t\t\t\t\t\t\t\t<\/div>\n\t\t\t\t<\/div>\n\t\t<div class=\"elementor-element elementor-element-707849e elementor-hidden-mobile e-flex e-con-boxed e-con e-child\" data-id=\"707849e\" data-element_type=\"container\" data-e-type=\"container\">\n\t\t\t\t\t<div class=\"e-con-inner\">\n\t\t<div class=\"elementor-element elementor-element-9d62692 e-con-full e-flex e-con e-child\" data-id=\"9d62692\" data-element_type=\"container\" data-e-type=\"container\">\n\t\t\t\t<div class=\"elementor-element elementor-element-22431f7 elementor-hidden-desktop elementor-hidden-tablet elementor-hidden-mobile elementor-widget elementor-widget-heading\" data-id=\"22431f7\" data-element_type=\"widget\" data-e-type=\"widget\" data-widget_type=\"heading.default\">\n\t\t\t\t<div class=\"elementor-widget-container\">\n\t\t\t\t\t<h2 class=\"elementor-heading-title elementor-size-default\">The Rhein Klassik Story<\/h2>\t\t\t\t<\/div>\n\t\t\t\t<\/div>\n\t\t\t\t<div class=\"elementor-element elementor-element-caa5824 elementor-widget elementor-widget-heading\" data-id=\"caa5824\" data-element_type=\"widget\" data-e-type=\"widget\" data-widget_type=\"heading.default\">\n\t\t\t\t<div class=\"elementor-widget-container\">\n\t\t\t\t\t<h2 class=\"elementor-heading-title elementor-size-default\">Geboren in der COVID-19-Pandemie, f\u00fchlte ich, dass die musikalische Gemeinschaft mehr Unterst\u00fctzung ben\u00f6tigte. \n<br>\nAlso beschlossen wir, durch die Organisation von Konzerten in Basel und Umgebung zu helfen, mit dem Ziel, freiberufliche Musiker zu unterst\u00fctzen.\n\n<br>\n<br>\nHeute veranstalten wir Konzerte f\u00fcr Musiker aller Art und helfen Freiberuflern und Studenten dabei, sich in der Musikszene zu etablieren.<\/h2>\t\t\t\t<\/div>\n\t\t\t\t<\/div>\n\t\t\t\t<\/div>\n\t\t\t\t<div class=\"elementor-element elementor-element-946bb01 elementor-widget__width-initial elementor-widget elementor-widget-heading\" data-id=\"946bb01\" data-element_type=\"widget\" data-e-type=\"widget\" data-widget_type=\"heading.default\">\n\t\t\t\t<div class=\"elementor-widget-container\">\n\t\t\t\t\t<h2 class=\"elementor-heading-title elementor-size-default\">Showcasing young talent<\/h2>\t\t\t\t<\/div>\n\t\t\t\t<\/div>\n\t\t\t\t\t<\/div>\n\t\t\t\t<\/div>\n\t\t\t\t<div class=\"elementor-element elementor-element-96e1252 elementor-widget-divider--view-line elementor-widget elementor-widget-divider\" data-id=\"96e1252\" data-element_type=\"widget\" data-e-type=\"widget\" data-widget_type=\"divider.default\">\n\t\t\t\t<div class=\"elementor-widget-container\">\n\t\t\t\t\t\t\t<div class=\"elementor-divider\">\n\t\t\t<span class=\"elementor-divider-separator\">\n\t\t\t\t\t\t<\/span>\n\t\t<\/div>\n\t\t\t\t\t\t<\/div>\n\t\t\t\t<\/div>\n\t\t\t\t<div class=\"elementor-element elementor-element-30c8865 elementor-widget elementor-widget-spacer\" data-id=\"30c8865\" data-element_type=\"widget\" data-e-type=\"widget\" data-widget_type=\"spacer.default\">\n\t\t\t\t<div class=\"elementor-widget-container\">\n\t\t\t\t\t\t\t<div class=\"elementor-spacer\">\n\t\t\t<div class=\"elementor-spacer-inner\"><\/div>\n\t\t<\/div>\n\t\t\t\t\t\t<\/div>\n\t\t\t\t<\/div>\n\t\t\t\t<div class=\"elementor-element elementor-element-4c31e2a elementor-position-left elementor-vertical-align-middle elementor-widget elementor-widget-image-box\" data-id=\"4c31e2a\" data-element_type=\"widget\" data-e-type=\"widget\" data-widget_type=\"image-box.default\">\n\t\t\t\t<div class=\"elementor-widget-container\">\n\t\t\t\t\t<div class=\"elementor-image-box-wrapper\"><figure class=\"elementor-image-box-img\"><img decoding=\"async\" width=\"1182\" height=\"1280\" src=\"https:\/\/rheinklassik.ch\/wp-content\/uploads\/2023\/08\/20120802-114838-_D7D5761-AmarQuartett-Edit.jpeg\" class=\"elementor-animation-float attachment-full size-full wp-image-9734\" alt=\"\" srcset=\"https:\/\/rheinklassik.ch\/wp-content\/uploads\/2023\/08\/20120802-114838-_D7D5761-AmarQuartett-Edit.jpeg 1182w, https:\/\/rheinklassik.ch\/wp-content\/uploads\/2023\/08\/20120802-114838-_D7D5761-AmarQuartett-Edit-277x300.jpeg 277w, https:\/\/rheinklassik.ch\/wp-content\/uploads\/2023\/08\/20120802-114838-_D7D5761-AmarQuartett-Edit-946x1024.jpeg 946w, https:\/\/rheinklassik.ch\/wp-content\/uploads\/2023\/08\/20120802-114838-_D7D5761-AmarQuartett-Edit-768x832.jpeg 768w, https:\/\/rheinklassik.ch\/wp-content\/uploads\/2023\/08\/20120802-114838-_D7D5761-AmarQuartett-Edit-11x12.jpeg 11w\" sizes=\"(max-width: 1182px) 100vw, 1182px\" \/><\/figure><div class=\"elementor-image-box-content\"><h3 class=\"elementor-image-box-title\">Wer steckt hinter Rhein Klassik?<\/h3><p class=\"elementor-image-box-description\">Christopher Jepson zog im Jahr 2010 nach Basel, um die Position des 2. Solo-Cellisten im Sinfonieorchester Basel zu \u00fcbernehmen, und ist seit 2011 Solo-Cellist beim Gstaad Menuhin Festival.\n<br>\n<br>\nNeben der Durchf\u00fchrung von Meisterkursen an Konservatorien im Vereinigten K\u00f6nigreich, Italien, Deutschland, Chile und China wurde er als Gastprofessor zu Festivals eingeladen, darunter das British Isles Music Festival, bei dem er immer noch im Vorstand ist.\n<br>\n<br>\n\n\n\u201cDuring the 2020 COVID-19 pandemic I was deeply disturbed by the lack of opportunities available for my freelance colleagues, and I quickly decided to organise concerts with their benefit in mind, in the hope of making a difference during this difficult period. My goal is to grow this initiative to become a leading ethical and sustainable classical music concert series, uniting the musical community, whilst bringing the beauty of music to the people.\u201d\n<br>\n<br>\nChristopher Jepson<\/p><\/div><\/div>\t\t\t\t<\/div>\n\t\t\t\t<\/div>\n\t\t\t\t<div class=\"elementor-element elementor-element-dfb14be elementor-widget-divider--view-line elementor-widget elementor-widget-divider\" data-id=\"dfb14be\" data-element_type=\"widget\" data-e-type=\"widget\" data-widget_type=\"divider.default\">\n\t\t\t\t<div class=\"elementor-widget-container\">\n\t\t\t\t\t\t\t<div class=\"elementor-divider\">\n\t\t\t<span class=\"elementor-divider-separator\">\n\t\t\t\t\t\t<\/span>\n\t\t<\/div>\n\t\t\t\t\t\t<\/div>\n\t\t\t\t<\/div>\n\t\t\t\t<div class=\"elementor-element elementor-element-6d54664 elementor-widget elementor-widget-spacer\" data-id=\"6d54664\" data-element_type=\"widget\" data-e-type=\"widget\" data-widget_type=\"spacer.default\">\n\t\t\t\t<div class=\"elementor-widget-container\">\n\t\t\t\t\t\t\t<div class=\"elementor-spacer\">\n\t\t\t<div class=\"elementor-spacer-inner\"><\/div>\n\t\t<\/div>\n\t\t\t\t\t\t<\/div>\n\t\t\t\t<\/div>\n\t\t\t\t<div class=\"elementor-element elementor-element-14c28d3 elementor-cta--layout-image-right elementor-cta--valign-middle elementor-cta--mobile-layout-image-above elementor-cta--skin-classic elementor-animated-content elementor-bg-transform elementor-bg-transform-zoom-in elementor-widget elementor-widget-call-to-action\" data-id=\"14c28d3\" data-element_type=\"widget\" data-e-type=\"widget\" data-widget_type=\"call-to-action.default\">\n\t\t\t\t<div class=\"elementor-widget-container\">\n\t\t\t\t\t\t\t<a class=\"elementor-cta\" href=\"https:\/\/rheinklassik.ch\/de\/donate\/\">\n\t\t\t\t\t<div class=\"elementor-cta__bg-wrapper\">\n\t\t\t\t<div class=\"elementor-cta__bg elementor-bg\" style=\"background-image: url(https:\/\/rheinklassik.ch\/wp-content\/uploads\/2021\/02\/download-5-1024x681.jpg);\" role=\"img\" aria-label=\"download (5)\"><\/div>\n\t\t\t\t<div class=\"elementor-cta__bg-overlay\"><\/div>\n\t\t\t<\/div>\n\t\t\t\t\t\t\t<div class=\"elementor-cta__content\">\n\t\t\t\t\n\t\t\t\t\t\t\t\t\t<h1 class=\"elementor-cta__title elementor-cta__content-item elementor-content-item\">\n\t\t\t\t\t\tUnterst\u00fctzen Rhein Klassik\t\t\t\t\t<\/h1>\n\t\t\t\t\n\t\t\t\t\t\t\t\t\t<div class=\"elementor-cta__description elementor-cta__content-item elementor-content-item\">\n\t\t\t\t\t\tHilf uns, diese Initiative am Leben zu erhalten\t\t\t\t\t<\/div>\n\t\t\t\t\n\t\t\t\t\t\t\t\t\t<div class=\"elementor-cta__button-wrapper elementor-cta__content-item elementor-content-item\">\n\t\t\t\t\t<span class=\"elementor-cta__button elementor-button elementor-size-\">\n\t\t\t\t\t\tSupport RK\t\t\t\t\t<\/span>\n\t\t\t\t\t<\/div>\n\t\t\t\t\t\t\t<\/div>\n\t\t\t\t\t\t<\/a>\n\t\t\t\t\t\t<\/div>\n\t\t\t\t<\/div>\n\t\t\t\t\t<\/div>\n\t\t\t\t<\/div>\n\t\t\t\t<\/div>","protected":false},"excerpt":{"rendered":"<p>What is Rhein Klassik? Rhein Klassik is a chamber music series born during the COVID-19 pandemic, designed to celebrate and support the musical community. Founded with a vision to bridge emerging talent and established musicians, Rhein Klassik offers a platform for artists to grow and build their reputations.. Based in Basel and its surrounding regions, [&hellip;]<\/p>\n","protected":false},"author":2,"featured_media":0,"parent":0,"menu_order":3,"comment_status":"closed","ping_status":"closed","template":"","meta":{"_acf_changed":false,"footnotes":""},"class_list":["post-9106","page","type-page","status-publish","hentry"],"acf":[],"_links":{"self":[{"href":"https:\/\/rheinklassik.ch\/de\/wp-json\/wp\/v2\/pages\/9106","targetHints":{"allow":["GET"]}}],"collection":[{"href":"https:\/\/rheinklassik.ch\/de\/wp-json\/wp\/v2\/pages"}],"about":[{"href":"https:\/\/rheinklassik.ch\/de\/wp-json\/wp\/v2\/types\/page"}],"author":[{"embeddable":true,"href":"https:\/\/rheinklassik.ch\/de\/wp-json\/wp\/v2\/users\/2"}],"replies":[{"embeddable":true,"href":"https:\/\/rheinklassik.ch\/de\/wp-json\/wp\/v2\/comments?post=9106"}],"version-history":[{"count":15,"href":"https:\/\/rheinklassik.ch\/de\/wp-json\/wp\/v2\/pages\/9106\/revisions"}],"predecessor-version":[{"id":10848,"href":"https:\/\/rheinklassik.ch\/de\/wp-json\/wp\/v2\/pages\/9106\/revisions\/10848"}],"wp:attachment":[{"href":"https:\/\/rheinklassik.ch\/de\/wp-json\/wp\/v2\/media?parent=9106"}],"curies":[{"name":"wp","href":"https:\/\/api.w.org\/{rel}","templated":true}]}}